{"id":9087,"date":"2025-09-26T11:21:29","date_gmt":"2025-09-26T09:21:29","guid":{"rendered":"https:\/\/arc-guides.com\/?page_id=9087"},"modified":"2025-11-13T15:19:58","modified_gmt":"2025-11-13T14:19:58","slug":"commencer","status":"publish","type":"page","link":"https:\/\/arc-guides.com\/en\/commencer\/","title":{"rendered":"COMMENCER"},"content":{"rendered":"<div data-elementor-type=\"wp-page\" data-elementor-id=\"9087\" class=\"elementor elementor-9087\" data-elementor-post-type=\"page\">\n\t\t\t\t<div class=\"elementor-element elementor-element-4f3899a e-flex e-con-boxed e-con e-parent\" data-id=\"4f3899a\" data-element_type=\"container\">\n\t\t\t\t\t<div class=\"e-con-inner\">\n\t\t<div class=\"elementor-element elementor-element-5c08560 e-con-full e-flex e-con e-child\" data-id=\"5c08560\" data-element_type=\"container\">\n\t\t\t\t<div class=\"elementor-element elementor-element-354b46d elementor-widget elementor-widget-image\" data-id=\"354b46d\" data-element_type=\"widget\" data-widget_type=\"image.default\">\n\t\t\t\t<div class=\"elementor-widget-container\">\n\t\t\t\t\t\t\t\t\t\t\t\t\t\t\t\t<a href=\"https:\/\/arc-guides.com\/en\/\">\n\t\t\t\t\t\t\t<img fetchpriority=\"high\" decoding=\"async\" width=\"1266\" height=\"220\" src=\"https:\/\/arc-guides.com\/wp-content\/uploads\/2025\/06\/LOGO-PROP3.png\" class=\"attachment-full size-full wp-image-8339\" alt=\"\" srcset=\"https:\/\/arc-guides.com\/wp-content\/uploads\/2025\/06\/LOGO-PROP3.png 1266w, https:\/\/arc-guides.com\/wp-content\/uploads\/2025\/06\/LOGO-PROP3-600x104.png 600w, https:\/\/arc-guides.com\/wp-content\/uploads\/2025\/06\/LOGO-PROP3-300x52.png 300w, https:\/\/arc-guides.com\/wp-content\/uploads\/2025\/06\/LOGO-PROP3-1024x178.png 1024w, https:\/\/arc-guides.com\/wp-content\/uploads\/2025\/06\/LOGO-PROP3-768x133.png 768w, https:\/\/arc-guides.com\/wp-content\/uploads\/2025\/06\/LOGO-PROP3-20x3.png 20w, https:\/\/arc-guides.com\/wp-content\/uploads\/2025\/06\/LOGO-PROP3-32x6.png 32w\" sizes=\"(max-width: 1266px) 100vw, 1266px\" \/>\t\t\t\t\t\t\t\t<\/a>\n\t\t\t\t\t\t\t\t\t\t\t\t\t\t\t<\/div>\n\t\t\t\t<\/div>\n\t\t\t\t<\/div>\n\t\t\t\t<div class=\"elementor-element elementor-element-a920a42 elementor-widget__width-initial elementor-widget elementor-widget-shortcode\" data-id=\"a920a42\" data-element_type=\"widget\" data-widget_type=\"shortcode.default\">\n\t\t\t\t<div class=\"elementor-widget-container\">\n\t\t\t\t\t\t\t<div class=\"elementor-shortcode\"><div id=\"af2_form_0\" class=\"af2_form_wrapper af2_form-type-0\"\n\t\t\t\t\t\t\t\tdata-preload=\"2\" data-size=\"3\" data-rtl=\"\" data-num=\"0\"\n                                data-did=\"9116\" data-errormail=\"\" data-activatescrolltoanchor=\"\" data-activatescrolltoanchordesktop=\"\" data-showsuccessscreen=\"1\"\n                                ><div class=\"af2_form\" style=\"display: block;\"><div class=\"af2_success_message_screen desktop\" style=\"display: none;\"><div class=\"af2_success_image\"><img decoding=\"async\" src=\"https:\/\/arc-guides.com\/wp-content\/plugins\/funnelforms-free\/res\/images\/success_standard.png\" \/><\/div><div class=\"af2_success_text\">Merci ! Le formulaire a \u00e9t\u00e9 envoy\u00e9 avec succ\u00e8s !<\/div><\/div><div class=\"af2_success_message_screen af2_mobile\" style=\"display: none;\"><div class=\"af2_success_image\"><img decoding=\"async\" src=\"https:\/\/arc-guides.com\/wp-content\/plugins\/funnelforms-free\/res\/images\/success_standard.png\" \/><\/div><div class=\"af2_success_text\">Merci ! Le formulaire a \u00e9t\u00e9 envoy\u00e9 avec succ\u00e8s !<\/div><\/div><div class=\"af2_form_heading_wrapper\"><div class=\"af2_form_heading desktop\"><\/div><div class=\"af2_form_heading af2_mobile\"><\/div><\/div><div class=\"af2_form_carousel\"><\/div><div class=\"af2_form_bottombar\"><button class=\"af2_form_back_button af2_form_button af2_disabled af2_mobile\"><svg aria-hidden=\"true\" focusable=\"false\" data-prefix=\"fas\" data-icon=\"long-arrow-alt-left\" class=\"svg-inline--fa fa-long-arrow-alt-left fa-w-14\" role=\"img\" xmlns=\"http:\/\/www.w3.org\/2000\/svg\" viewbox=\"0 0 448 512\"><path fill=\"currentColor\" d=\"M134.059 296H436c6.627 0 12-5.373 12-12v-56c0-6.627-5.373-12-12-12H134.059v-46.059c0-21.382-25.851-32.09-40.971-16.971L7.029 239.029c-9.373 9.373-9.373 24.569 0 33.941l86.059 86.059c15.119 15.119 40.971 4.411 40.971-16.971V296z\"><\/path><\/svg><\/button><button class=\"af2_form_back_button af2_form_button af2_disabled desktop\"><svg aria-hidden=\"true\" focusable=\"false\" data-prefix=\"fas\" data-icon=\"long-arrow-alt-left\" class=\"svg-inline--fa fa-long-arrow-alt-left fa-w-14\" role=\"img\" xmlns=\"http:\/\/www.w3.org\/2000\/svg\" viewbox=\"0 0 448 512\"><path fill=\"currentColor\" d=\"M134.059 296H436c6.627 0 12-5.373 12-12v-56c0-6.627-5.373-12-12-12H134.059v-46.059c0-21.382-25.851-32.09-40.971-16.971L7.029 239.029c-9.373 9.373-9.373 24.569 0 33.941l86.059 86.059c15.119 15.119 40.971 4.411 40.971-16.971V296z\"><\/path><\/svg><\/button><div class=\"af2_form_progress_bar\"><div class=\"af2_form_progress\"><\/div><\/div><button class=\"af2_form_foward_button af2_form_button af2_disabled af2_mobile\"><svg aria-hidden=\"true\" focusable=\"false\" data-prefix=\"fas\" data-icon=\"long-arrow-alt-right\" class=\"svg-inline--fa fa-long-arrow-alt-right fa-w-14\" role=\"img\" xmlns=\"http:\/\/www.w3.org\/2000\/svg\" viewbox=\"0 0 448 512\"><path fill=\"currentColor\" d=\"M313.941 216H12c-6.627 0-12 5.373-12 12v56c0 6.627 5.373 12 12 12h301.941v46.059c0 21.382 25.851 32.09 40.971 16.971l86.059-86.059c9.373-9.373 9.373-24.569 0-33.941l-86.059-86.059c-15.119-15.119-40.971-4.411-40.971 16.971V216z\"><\/path><\/svg><\/button><button class=\"af2_form_foward_button af2_form_button af2_disabled desktop\"><svg aria-hidden=\"true\" focusable=\"false\" data-prefix=\"fas\" data-icon=\"long-arrow-alt-right\" class=\"svg-inline--fa fa-long-arrow-alt-right fa-w-14\" role=\"img\" xmlns=\"http:\/\/www.w3.org\/2000\/svg\" viewbox=\"0 0 448 512\"><path fill=\"currentColor\" d=\"M313.941 216H12c-6.627 0-12 5.373-12 12v56c0 6.627 5.373 12 12 12h301.941v46.059c0 21.382 25.851 32.09 40.971 16.971l86.059-86.059c9.373-9.373 9.373-24.569 0-33.941l-86.059-86.059c-15.119-15.119-40.971-4.411-40.971 16.971V216z\"><\/path><\/svg><\/button><\/div><\/div><\/div><\/div>\n\t\t\t\t\t\t<\/div>\n\t\t\t\t<\/div>\n\t\t\t\t\t<\/div>\n\t\t\t\t<\/div>\n\t\t\t\t<\/div>","protected":false},"excerpt":{"rendered":"","protected":false},"author":1,"featured_media":0,"parent":0,"menu_order":0,"comment_status":"closed","ping_status":"closed","template":"elementor_canvas","meta":{"_acf_changed":false,"footnotes":""},"class_list":["post-9087","page","type-page","status-publish","hentry","no-post-thumbnail"],"acf":[],"_links":{"self":[{"href":"https:\/\/arc-guides.com\/en\/wp-json\/wp\/v2\/pages\/9087","targetHints":{"allow":["GET"]}}],"collection":[{"href":"https:\/\/arc-guides.com\/en\/wp-json\/wp\/v2\/pages"}],"about":[{"href":"https:\/\/arc-guides.com\/en\/wp-json\/wp\/v2\/types\/page"}],"author":[{"embeddable":true,"href":"https:\/\/arc-guides.com\/en\/wp-json\/wp\/v2\/users\/1"}],"replies":[{"embeddable":true,"href":"https:\/\/arc-guides.com\/en\/wp-json\/wp\/v2\/comments?post=9087"}],"version-history":[{"count":20,"href":"https:\/\/arc-guides.com\/en\/wp-json\/wp\/v2\/pages\/9087\/revisions"}],"predecessor-version":[{"id":9715,"href":"https:\/\/arc-guides.com\/en\/wp-json\/wp\/v2\/pages\/9087\/revisions\/9715"}],"wp:attachment":[{"href":"https:\/\/arc-guides.com\/en\/wp-json\/wp\/v2\/media?parent=9087"}],"curies":[{"name":"wp","href":"https:\/\/api.w.org\/{rel}","templated":true}]}}